{"id":101,"date":"2025-05-21T16:52:17","date_gmt":"2025-05-21T14:52:17","guid":{"rendered":"https:\/\/laparenthese-retraites.com\/?page_id=101"},"modified":"2025-11-16T15:40:33","modified_gmt":"2025-11-16T14:40:33","slug":"infos-pratiques","status":"publish","type":"page","link":"https:\/\/laparenthese-retraites.com\/en\/infos-pratiques\/","title":{"rendered":"Infos pratiques"},"content":{"rendered":"\t\t<div data-elementor-type=\"wp-page\" data-elementor-id=\"101\" class=\"elementor elementor-101\" data-elementor-post-type=\"page\">\n\t\t\t\t<div class=\"elementor-element elementor-element-1cec99e e-flex e-con-boxed e-con e-parent\" data-id=\"1cec99e\" data-element_type=\"container\" data-e-type=\"container\" data-settings=\"{&quot;background_background&quot;:&quot;classic&quot;}\">\n\t\t\t\t\t<div class=\"e-con-inner\">\n\t\t\t\t<div class=\"elementor-element elementor-element-5d292c4 elementor-widget elementor-widget-heading\" data-id=\"5d292c4\" data-element_type=\"widget\" data-e-type=\"widget\" data-widget_type=\"heading.default\">\n\t\t\t\t<div class=\"elementor-widget-container\">\n\t\t\t\t\t<h1 class=\"elementor-heading-title elementor-size-default\">Informations pratiques<\/h1>\t\t\t\t<\/div>\n\t\t\t\t<\/div>\n\t\t\t\t<div class=\"elementor-element elementor-element-91c3883 elementor-widget elementor-widget-heading\" data-id=\"91c3883\" data-element_type=\"widget\" data-e-type=\"widget\" data-widget_type=\"heading.default\">\n\t\t\t\t<div class=\"elementor-widget-container\">\n\t\t\t\t\t<h2 class=\"elementor-heading-title elementor-size-default\">Comment venir au Presbyt\u00e8re de Seignalens<\/h2>\t\t\t\t<\/div>\n\t\t\t\t<\/div>\n\t\t<div class=\"elementor-element elementor-element-da12094 e-grid e-con-full e-con e-child\" data-id=\"da12094\" data-element_type=\"container\" data-e-type=\"container\">\n\t\t\t\t<div class=\"elementor-element elementor-element-2d0e77d elementor-widget elementor-widget-text-editor\" data-id=\"2d0e77d\" data-element_type=\"widget\" data-e-type=\"widget\" data-widget_type=\"text-editor.default\">\n\t\t\t\t<div class=\"elementor-widget-container\">\n\t\t\t\t\t\t\t\t\t<p><strong>Venir \u00e0 Seignalens c&rsquo;est tout un trip ! <\/strong>Pour trouver autant de calme, de beaut\u00e9 et d&rsquo;authenticit\u00e9 il faut faire le chemin. Enjoy ! Votre parenth\u00e8se commence l\u00e0&#8230;<\/p><ul><li><strong>En train<\/strong> : Gare TGV de Toulouse Matabiau. \u00c0 1h\u00a0 de Seignalens<ul><li>Option 1 : Louer une voiture \u00e0 la gare et en profiter pour d\u00e9couvrir le pays.<\/li><li>Option 2 : Prendre un TER jusqu\u2019\u00e0 Pamiers et un bus LIO ligne 450 jusqu\u2019\u00e0 Mirepoix o\u00f9 je viens vous chercher.<\/li><\/ul><\/li><li><strong>En avion<\/strong> : <span style=\"text-decoration: underline;\">A\u00e9roport Toulouse Blagnac<\/span>\u00a0\u00e0 1h15 du Presbyt\u00e8re<br \/><span style=\"text-decoration: underline;\">A\u00e9roport de Carcassonne<\/span> \u00e0 45 mn.<ul><li>Option 1 : Louer une voiture \u00e0 l&rsquo;a\u00e9roport et en profiter pour d\u00e9couvrir le pays.<\/li><li>Option 2 : D&rsquo;autres solutions d\u00e9pendent de votre a\u00e9roport, parlons-en.<\/li><\/ul><\/li><li><strong>En voiture<\/strong> : Le presbyt\u00e8re de Seignalens se trouve \u00e0 mi-chemin entre Carcassonne et Foix, au sud de Toulouse.<\/li><\/ul>\t\t\t\t\t\t\t\t<\/div>\n\t\t\t\t<\/div>\n\t\t\t\t<div class=\"elementor-element elementor-element-2916eea elementor-widget elementor-widget-google_maps\" data-id=\"2916eea\" data-element_type=\"widget\" data-e-type=\"widget\" data-widget_type=\"google_maps.default\">\n\t\t\t\t<div class=\"elementor-widget-container\">\n\t\t\t\t\t\t\t<div class=\"elementor-custom-embed\">\n\t\t\t<iframe loading=\"lazy\"\n\t\t\t\t\tsrc=\"https:\/\/maps.google.com\/maps?q=1%2C%20le%20presbyt%C3%A8re%20-%2011240%20Seignalens&#038;t=m&#038;z=13&#038;output=embed&#038;iwloc=near\"\n\t\t\t\t\ttitle=\"1, le presbyt\u00e8re - 11240 Seignalens\"\n\t\t\t\t\taria-label=\"1, le presbyt\u00e8re - 11240 Seignalens\"\n\t\t\t><\/iframe>\n\t\t<\/div>\n\t\t\t\t\t\t<\/div>\n\t\t\t\t<\/div>\n\t\t\t\t<\/div>\n\t\t\t\t\t<\/div>\n\t\t\t\t<\/div>\n\t\t<div class=\"elementor-element elementor-element-fd3c95e e-flex e-con-boxed e-con e-parent\" data-id=\"fd3c95e\" data-element_type=\"container\" data-e-type=\"container\" data-settings=\"{&quot;background_background&quot;:&quot;classic&quot;}\">\n\t\t\t\t\t<div class=\"e-con-inner\">\n\t\t<div class=\"elementor-element elementor-element-f40d434 e-grid e-con-full e-con e-child\" data-id=\"f40d434\" data-element_type=\"container\" data-e-type=\"container\">\n\t\t<div class=\"elementor-element elementor-element-84c3c6e e-con-full e-flex e-con e-child\" data-id=\"84c3c6e\" data-element_type=\"container\" data-e-type=\"container\">\n\t\t\t\t<div class=\"elementor-element elementor-element-da36bce elementor-widget elementor-widget-heading\" data-id=\"da36bce\" data-element_type=\"widget\" data-e-type=\"widget\" data-widget_type=\"heading.default\">\n\t\t\t\t<div class=\"elementor-widget-container\">\n\t\t\t\t\t<h2 class=\"elementor-heading-title elementor-size-default\">Une question, une r\u00e9servation, contactez-nous<\/h2>\t\t\t\t<\/div>\n\t\t\t\t<\/div>\n\t\t\t\t<div class=\"elementor-element elementor-element-1ea48aa elementor-tablet-align-center elementor-mobile-align-start elementor-icon-list--layout-traditional elementor-list-item-link-full_width elementor-widget elementor-widget-icon-list\" data-id=\"1ea48aa\" data-element_type=\"widget\" data-e-type=\"widget\" data-widget_type=\"icon-list.default\">\n\t\t\t\t<div class=\"elementor-widget-container\">\n\t\t\t\t\t\t\t<ul class=\"elementor-icon-list-items\">\n\t\t\t\t\t\t\t<li class=\"elementor-icon-list-item\">\n\t\t\t\t\t\t\t\t\t\t\t<a href=\"tel:0622984446\">\n\n\t\t\t\t\t\t\t\t\t\t\t\t<span class=\"elementor-icon-list-icon\">\n\t\t\t\t\t\t\t<i aria-hidden=\"true\" class=\"fas fa-mobile\"><\/i>\t\t\t\t\t\t<\/span>\n\t\t\t\t\t\t\t\t\t\t<span class=\"elementor-icon-list-text\">06 22 98 44 46<\/span>\n\t\t\t\t\t\t\t\t\t\t\t<\/a>\n\t\t\t\t\t\t\t\t\t<\/li>\n\t\t\t\t\t\t\t\t<li class=\"elementor-icon-list-item\">\n\t\t\t\t\t\t\t\t\t\t\t<a href=\"mailto:bonjour@laparenthese-retraites.com\">\n\n\t\t\t\t\t\t\t\t\t\t\t\t<span class=\"elementor-icon-list-icon\">\n\t\t\t\t\t\t\t<i aria-hidden=\"true\" class=\"fas fa-envelope\"><\/i>\t\t\t\t\t\t<\/span>\n\t\t\t\t\t\t\t\t\t\t<span class=\"elementor-icon-list-text\">bonjour@laparenthese-retraites.com<\/span>\n\t\t\t\t\t\t\t\t\t\t\t<\/a>\n\t\t\t\t\t\t\t\t\t<\/li>\n\t\t\t\t\t\t\t\t<li class=\"elementor-icon-list-item\">\n\t\t\t\t\t\t\t\t\t\t\t<span class=\"elementor-icon-list-icon\">\n\t\t\t\t\t\t\t<i aria-hidden=\"true\" class=\"fas fa-map-marker-alt\"><\/i>\t\t\t\t\t\t<\/span>\n\t\t\t\t\t\t\t\t\t\t<span class=\"elementor-icon-list-text\">1 Le Presbyt\u00e8re 11240 Seignalens<\/span>\n\t\t\t\t\t\t\t\t\t<\/li>\n\t\t\t\t\t\t<\/ul>\n\t\t\t\t\t\t<\/div>\n\t\t\t\t<\/div>\n\t\t<div class=\"elementor-element elementor-element-fbd904b e-con-full e-flex e-con e-child\" data-id=\"fbd904b\" data-element_type=\"container\" data-e-type=\"container\">\n\t\t\t\t<div class=\"elementor-element elementor-element-659f324 elementor-widget elementor-widget-heading\" data-id=\"659f324\" data-element_type=\"widget\" data-e-type=\"widget\" data-widget_type=\"heading.default\">\n\t\t\t\t<div class=\"elementor-widget-container\">\n\t\t\t\t\t<span class=\"elementor-heading-title elementor-size-default\">Retrouvez La Parenth\u00e8se sur les r\u00e9seaux<\/span>\t\t\t\t<\/div>\n\t\t\t\t<\/div>\n\t\t\t\t<div class=\"elementor-element elementor-element-76cb9d5 elementor-shape-circle elementor-grid-0 e-grid-align-center elementor-widget elementor-widget-social-icons\" data-id=\"76cb9d5\" data-element_type=\"widget\" data-e-type=\"widget\" data-widget_type=\"social-icons.default\">\n\t\t\t\t<div class=\"elementor-widget-container\">\n\t\t\t\t\t\t\t<div class=\"elementor-social-icons-wrapper elementor-grid\" role=\"list\">\n\t\t\t\t\t\t\t<span class=\"elementor-grid-item\" role=\"listitem\">\n\t\t\t\t\t<a class=\"elementor-icon elementor-social-icon elementor-social-icon-facebook elementor-repeater-item-ce43fdd\" href=\"https:\/\/www.facebook.com\/profile.php?id=61573709336769\" target=\"_blank\">\n\t\t\t\t\t\t<span class=\"elementor-screen-only\">Facebook<\/span>\n\t\t\t\t\t\t<i aria-hidden=\"true\" class=\"fab fa-facebook\"><\/i>\t\t\t\t\t<\/a>\n\t\t\t\t<\/span>\n\t\t\t\t\t\t\t<span class=\"elementor-grid-item\" role=\"listitem\">\n\t\t\t\t\t<a class=\"elementor-icon elementor-social-icon elementor-social-icon-instagram elementor-repeater-item-0701ce0\" href=\"https:\/\/www.instagram.com\/la_parenthese_retraites\/\" target=\"_blank\">\n\t\t\t\t\t\t<span class=\"elementor-screen-only\">Instagram<\/span>\n\t\t\t\t\t\t<i aria-hidden=\"true\" class=\"fab fa-instagram\"><\/i>\t\t\t\t\t<\/a>\n\t\t\t\t<\/span>\n\t\t\t\t\t<\/div>\n\t\t\t\t\t\t<\/div>\n\t\t\t\t<\/div>\n\t\t\t\t<\/div>\n\t\t\t\t<\/div>\n\t\t\t\t<div class=\"elementor-element elementor-element-dac77df elementor-button-align-stretch elementor-widget elementor-widget-form\" data-id=\"dac77df\" data-element_type=\"widget\" data-e-type=\"widget\" data-settings=\"{&quot;step_next_label&quot;:&quot;Suivant&quot;,&quot;step_previous_label&quot;:&quot;Pr\\u00e9c\\u00e9dent&quot;,&quot;button_width&quot;:&quot;100&quot;,&quot;step_type&quot;:&quot;number_text&quot;,&quot;step_icon_shape&quot;:&quot;circle&quot;}\" data-widget_type=\"form.default\">\n\t\t\t\t<div class=\"elementor-widget-container\">\n\t\t\t\t\t\t\t<form class=\"elementor-form\" method=\"post\" name=\"Nouveau formulaire\" aria-label=\"Nouveau formulaire\">\n\t\t\t<input type=\"hidden\" name=\"post_id\" value=\"101\"\/>\n\t\t\t<input type=\"hidden\" name=\"form_id\" value=\"dac77df\"\/>\n\t\t\t<input type=\"hidden\" name=\"referer_title\" value=\"Tarifs et infos pratiques \u2013 Chambres d\u2019h\u00f4tes dans les Pyr\u00e9n\u00e9es Ari\u00e9geoises\" \/>\n\n\t\t\t\t\t\t\t<input type=\"hidden\" name=\"queried_id\" value=\"101\"\/>\n\t\t\t\n\t\t\t<div class=\"elementor-form-fields-wrapper elementor-labels-\">\n\t\t\t\t\t\t\t\t<div class=\"elementor-field-type-text elementor-field-group elementor-column elementor-field-group-prenom elementor-col-50 elementor-field-required\">\n\t\t\t\t\t\t\t\t\t\t\t\t<label for=\"form-field-prenom\" class=\"elementor-field-label elementor-screen-only\">\n\t\t\t\t\t\t\t\tPr\u00e9nom\t\t\t\t\t\t\t<\/label>\n\t\t\t\t\t\t\t\t\t\t\t\t\t\t<input size=\"1\" type=\"text\" name=\"form_fields[prenom]\" id=\"form-field-prenom\" class=\"elementor-field elementor-size-sm  elementor-field-textual\" placeholder=\"Pr\u00e9nom\" required=\"required\">\n\t\t\t\t\t\t\t\t\t\t\t<\/div>\n\t\t\t\t\t\t\t\t<div class=\"elementor-field-type-text elementor-field-group elementor-column elementor-field-group-nom elementor-col-50 elementor-field-required\">\n\t\t\t\t\t\t\t\t\t\t\t\t<label for=\"form-field-nom\" class=\"elementor-field-label elementor-screen-only\">\n\t\t\t\t\t\t\t\tNom\t\t\t\t\t\t\t<\/label>\n\t\t\t\t\t\t\t\t\t\t\t\t\t\t<input size=\"1\" type=\"text\" name=\"form_fields[nom]\" id=\"form-field-nom\" class=\"elementor-field elementor-size-sm  elementor-field-textual\" placeholder=\"Nom\" required=\"required\">\n\t\t\t\t\t\t\t\t\t\t\t<\/div>\n\t\t\t\t\t\t\t\t<div class=\"elementor-field-type-email elementor-field-group elementor-column elementor-field-group-email elementor-col-100 elementor-field-required\">\n\t\t\t\t\t\t\t\t\t\t\t\t<label for=\"form-field-email\" class=\"elementor-field-label elementor-screen-only\">\n\t\t\t\t\t\t\t\tE-mail\t\t\t\t\t\t\t<\/label>\n\t\t\t\t\t\t\t\t\t\t\t\t\t\t<input size=\"1\" type=\"email\" name=\"form_fields[email]\" id=\"form-field-email\" class=\"elementor-field elementor-size-sm  elementor-field-textual\" placeholder=\"E-mail\" required=\"required\">\n\t\t\t\t\t\t\t\t\t\t\t<\/div>\n\t\t\t\t\t\t\t\t<div class=\"elementor-field-type-tel elementor-field-group elementor-column elementor-field-group-telephone elementor-col-100\">\n\t\t\t\t\t\t\t\t\t\t\t\t<label for=\"form-field-telephone\" class=\"elementor-field-label elementor-screen-only\">\n\t\t\t\t\t\t\t\tNum\u00e9ro de t\u00e9l\u00e9phone\t\t\t\t\t\t\t<\/label>\n\t\t\t\t\t\t\t\t<input size=\"1\" type=\"tel\" name=\"form_fields[telephone]\" id=\"form-field-telephone\" class=\"elementor-field elementor-size-sm  elementor-field-textual\" placeholder=\"Num\u00e9ro de t\u00e9l\u00e9phone (facultatif)\" pattern=\"[0-9()#&amp;+*-=.]+\" title=\"Seuls les caract\u00e8res de num\u00e9ros de t\u00e9l\u00e9phone (#, -, *, etc.) sont accept\u00e9s.\">\n\n\t\t\t\t\t\t<\/div>\n\t\t\t\t\t\t\t\t<div class=\"elementor-field-type-text elementor-field-group elementor-column elementor-field-group-objet elementor-col-100 elementor-field-required\">\n\t\t\t\t\t\t\t\t\t\t\t\t<label for=\"form-field-objet\" class=\"elementor-field-label elementor-screen-only\">\n\t\t\t\t\t\t\t\tObjet\t\t\t\t\t\t\t<\/label>\n\t\t\t\t\t\t\t\t\t\t\t\t\t\t<input size=\"1\" type=\"text\" name=\"form_fields[objet]\" id=\"form-field-objet\" class=\"elementor-field elementor-size-sm  elementor-field-textual\" placeholder=\"Objet\" required=\"required\">\n\t\t\t\t\t\t\t\t\t\t\t<\/div>\n\t\t\t\t\t\t\t\t<div class=\"elementor-field-type-textarea elementor-field-group elementor-column elementor-field-group-message elementor-col-100 elementor-field-required\">\n\t\t\t\t\t\t\t\t\t\t\t\t<label for=\"form-field-message\" class=\"elementor-field-label elementor-screen-only\">\n\t\t\t\t\t\t\t\tMessage\t\t\t\t\t\t\t<\/label>\n\t\t\t\t\t\t<textarea class=\"elementor-field-textual elementor-field  elementor-size-sm\" name=\"form_fields[message]\" id=\"form-field-message\" rows=\"4\" placeholder=\"Message\" required=\"required\"><\/textarea>\t\t\t\t<\/div>\n\t\t\t\t\t\t\t\t<div class=\"elementor-field-type-html elementor-field-group elementor-column elementor-field-group-field_e4beb1d elementor-col-100\">\n\t\t\t\t\tCes informations ne sont utilis\u00e9es que pour pouvoir vous r\u00e9pondre. Elles ne sont ni stock\u00e9es, ni partag\u00e9es.\t\t\t\t<\/div>\n\t\t\t\t\t\t\t\t<div class=\"elementor-field-type-text\">\n\t\t\t\t\t<input size=\"1\" type=\"text\" name=\"form_fields[field_34b8da0]\" id=\"form-field-field_34b8da0\" class=\"elementor-field elementor-size-sm \" style=\"display:none !important;\">\t\t\t\t<\/div>\n\t\t\t\t\t\t\t\t<div class=\"elementor-field-type-recaptcha elementor-field-group elementor-column elementor-field-group-field_7ae343a elementor-col-100\">\n\t\t\t\t\t<div class=\"elementor-field\" id=\"form-field-field_7ae343a\"><div class=\"elementor-g-recaptcha\" data-sitekey=\"6Lcx2I4rAAAAANo9T3XwNNY8URN5v9yYXQZqhj7r\" data-type=\"v2_checkbox\" data-theme=\"light\" data-size=\"normal\"><\/div><\/div>\t\t\t\t<\/div>\n\t\t\t\t\t\t\t\t<div class=\"elementor-field-group elementor-column elementor-field-type-submit elementor-col-100 e-form__buttons\">\n\t\t\t\t\t<button class=\"elementor-button elementor-size-sm\" type=\"submit\">\n\t\t\t\t\t\t<span class=\"elementor-button-content-wrapper\">\n\t\t\t\t\t\t\t\t\t\t\t\t\t\t\t\t\t\t\t\t\t\t<span class=\"elementor-button-text\">Envoyer<\/span>\n\t\t\t\t\t\t\t\t\t\t\t\t\t<\/span>\n\t\t\t\t\t<\/button>\n\t\t\t\t<\/div>\n\t\t\t<\/div>\n\t\t<\/form>\n\t\t\t\t\t\t<\/div>\n\t\t\t\t<\/div>\n\t\t\t\t<\/div>\n\t\t\t\t\t<\/div>\n\t\t\t\t<\/div>\n\t\t\t\t<\/div>\n\t\t","protected":false},"excerpt":{"rendered":"<p>Informations pratiques Comment venir au Presbyt\u00e8re de Seignalens Venir \u00e0 Seignalens c&rsquo;est tout un trip ! Pour trouver autant de calme, de beaut\u00e9 et d&rsquo;authenticit\u00e9 il faut faire le chemin. Enjoy ! Votre parenth\u00e8se commence l\u00e0&#8230; En train : Gare TGV de Toulouse Matabiau. \u00c0 1h\u00a0 de Seignalens Option 1 : Louer une voiture \u00e0 [&hellip;]<\/p>\n","protected":false},"author":1,"featured_media":0,"parent":0,"menu_order":0,"comment_status":"closed","ping_status":"closed","template":"","meta":{"footnotes":""},"class_list":["post-101","page","type-page","status-publish","hentry"],"yoast_head":"<!-- This site is optimized with the Yoast SEO plugin v27.4 - https:\/\/yoast.com\/product\/yoast-seo-wordpress\/ -->\n<title>Tarifs et infos pratiques \u2013 Chambres d\u2019h\u00f4tes dans les Pyr\u00e9n\u00e9es Ari\u00e9geoises<\/title>\n<meta name=\"description\" content=\"Consultez les tarifs des chambres d\u2019h\u00f4tes et retraites bien-\u00eatre de La Parenth\u00e8se, dans les Pyr\u00e9n\u00e9es Ari\u00e9geoises.\" \/>\n<meta name=\"robots\" content=\"index, follow, max-snippet:-1, max-image-preview:large, max-video-preview:-1\" \/>\n<link rel=\"canonical\" href=\"https:\/\/laparenthese-retraites.com\/en\/infos-pratiques\/\" \/>\n<meta property=\"og:locale\" content=\"en_GB\" \/>\n<meta property=\"og:type\" content=\"article\" \/>\n<meta property=\"og:title\" content=\"Tarifs et infos pratiques \u2013 Chambres d\u2019h\u00f4tes dans les Pyr\u00e9n\u00e9es Ari\u00e9geoises\" \/>\n<meta property=\"og:description\" content=\"Consultez les tarifs des chambres d\u2019h\u00f4tes et retraites bien-\u00eatre de La Parenth\u00e8se, dans les Pyr\u00e9n\u00e9es Ari\u00e9geoises.\" \/>\n<meta property=\"og:url\" content=\"https:\/\/laparenthese-retraites.com\/en\/infos-pratiques\/\" \/>\n<meta property=\"og:site_name\" content=\"La Parenth\u00e8se\" \/>\n<meta property=\"article:publisher\" content=\"https:\/\/www.facebook.com\/profile.php?id=61573709336769\" \/>\n<meta property=\"article:modified_time\" content=\"2025-11-16T14:40:33+00:00\" \/>\n<meta name=\"twitter:card\" content=\"summary_large_image\" \/>\n<meta name=\"twitter:label1\" content=\"Estimated reading time\" \/>\n\t<meta name=\"twitter:data1\" content=\"1 minute\" \/>\n<script type=\"application\/ld+json\" class=\"yoast-schema-graph\">{\"@context\":\"https:\\\/\\\/schema.org\",\"@graph\":[{\"@type\":\"WebPage\",\"@id\":\"https:\\\/\\\/laparenthese-retraites.com\\\/infos-pratiques\\\/\",\"url\":\"https:\\\/\\\/laparenthese-retraites.com\\\/infos-pratiques\\\/\",\"name\":\"Tarifs et infos pratiques \u2013 Chambres d\u2019h\u00f4tes dans les Pyr\u00e9n\u00e9es Ari\u00e9geoises\",\"isPartOf\":{\"@id\":\"https:\\\/\\\/laparenthese-retraites.com\\\/#website\"},\"datePublished\":\"2025-05-21T14:52:17+00:00\",\"dateModified\":\"2025-11-16T14:40:33+00:00\",\"description\":\"Consultez les tarifs des chambres d\u2019h\u00f4tes et retraites bien-\u00eatre de La Parenth\u00e8se, dans les Pyr\u00e9n\u00e9es Ari\u00e9geoises.\",\"breadcrumb\":{\"@id\":\"https:\\\/\\\/laparenthese-retraites.com\\\/infos-pratiques\\\/#breadcrumb\"},\"inLanguage\":\"en-GB\",\"potentialAction\":[{\"@type\":\"ReadAction\",\"target\":[\"https:\\\/\\\/laparenthese-retraites.com\\\/infos-pratiques\\\/\"]}]},{\"@type\":\"BreadcrumbList\",\"@id\":\"https:\\\/\\\/laparenthese-retraites.com\\\/infos-pratiques\\\/#breadcrumb\",\"itemListElement\":[{\"@type\":\"ListItem\",\"position\":1,\"name\":\"Accueil\",\"item\":\"https:\\\/\\\/laparenthese-retraites.com\\\/\"},{\"@type\":\"ListItem\",\"position\":2,\"name\":\"Infos pratiques\"}]},{\"@type\":\"WebSite\",\"@id\":\"https:\\\/\\\/laparenthese-retraites.com\\\/#website\",\"url\":\"https:\\\/\\\/laparenthese-retraites.com\\\/\",\"name\":\"La Parenth\u00e8se\",\"description\":\"Retraites &amp; Chambres d&#039;h\u00f4te\",\"publisher\":{\"@id\":\"https:\\\/\\\/laparenthese-retraites.com\\\/#organization\"},\"potentialAction\":[{\"@type\":\"SearchAction\",\"target\":{\"@type\":\"EntryPoint\",\"urlTemplate\":\"https:\\\/\\\/laparenthese-retraites.com\\\/?s={search_term_string}\"},\"query-input\":{\"@type\":\"PropertyValueSpecification\",\"valueRequired\":true,\"valueName\":\"search_term_string\"}}],\"inLanguage\":\"en-GB\"},{\"@type\":\"Organization\",\"@id\":\"https:\\\/\\\/laparenthese-retraites.com\\\/#organization\",\"name\":\"La Parenth\u00e8se\",\"url\":\"https:\\\/\\\/laparenthese-retraites.com\\\/\",\"logo\":{\"@type\":\"ImageObject\",\"inLanguage\":\"en-GB\",\"@id\":\"https:\\\/\\\/laparenthese-retraites.com\\\/#\\\/schema\\\/logo\\\/image\\\/\",\"url\":\"https:\\\/\\\/laparenthese-retraites.com\\\/wp-content\\\/uploads\\\/2025\\\/05\\\/logo-principal-la-parenthese.png\",\"contentUrl\":\"https:\\\/\\\/laparenthese-retraites.com\\\/wp-content\\\/uploads\\\/2025\\\/05\\\/logo-principal-la-parenthese.png\",\"width\":567,\"height\":625,\"caption\":\"La Parenth\u00e8se\"},\"image\":{\"@id\":\"https:\\\/\\\/laparenthese-retraites.com\\\/#\\\/schema\\\/logo\\\/image\\\/\"},\"sameAs\":[\"https:\\\/\\\/www.facebook.com\\\/profile.php?id=61573709336769\",\"https:\\\/\\\/www.instagram.com\\\/la_parenthese_retraites\\\/\"]}]}<\/script>\n<!-- \/ Yoast SEO plugin. -->","yoast_head_json":{"title":"Tarifs et infos pratiques \u2013 Chambres d\u2019h\u00f4tes dans les Pyr\u00e9n\u00e9es Ari\u00e9geoises","description":"Consultez les tarifs des chambres d\u2019h\u00f4tes et retraites bien-\u00eatre de La Parenth\u00e8se, dans les Pyr\u00e9n\u00e9es Ari\u00e9geoises.","robots":{"index":"index","follow":"follow","max-snippet":"max-snippet:-1","max-image-preview":"max-image-preview:large","max-video-preview":"max-video-preview:-1"},"canonical":"https:\/\/laparenthese-retraites.com\/en\/infos-pratiques\/","og_locale":"en_GB","og_type":"article","og_title":"Tarifs et infos pratiques \u2013 Chambres d\u2019h\u00f4tes dans les Pyr\u00e9n\u00e9es Ari\u00e9geoises","og_description":"Consultez les tarifs des chambres d\u2019h\u00f4tes et retraites bien-\u00eatre de La Parenth\u00e8se, dans les Pyr\u00e9n\u00e9es Ari\u00e9geoises.","og_url":"https:\/\/laparenthese-retraites.com\/en\/infos-pratiques\/","og_site_name":"La Parenth\u00e8se","article_publisher":"https:\/\/www.facebook.com\/profile.php?id=61573709336769","article_modified_time":"2025-11-16T14:40:33+00:00","twitter_card":"summary_large_image","twitter_misc":{"Estimated reading time":"1 minute"},"schema":{"@context":"https:\/\/schema.org","@graph":[{"@type":"WebPage","@id":"https:\/\/laparenthese-retraites.com\/infos-pratiques\/","url":"https:\/\/laparenthese-retraites.com\/infos-pratiques\/","name":"Tarifs et infos pratiques \u2013 Chambres d\u2019h\u00f4tes dans les Pyr\u00e9n\u00e9es Ari\u00e9geoises","isPartOf":{"@id":"https:\/\/laparenthese-retraites.com\/#website"},"datePublished":"2025-05-21T14:52:17+00:00","dateModified":"2025-11-16T14:40:33+00:00","description":"Consultez les tarifs des chambres d\u2019h\u00f4tes et retraites bien-\u00eatre de La Parenth\u00e8se, dans les Pyr\u00e9n\u00e9es Ari\u00e9geoises.","breadcrumb":{"@id":"https:\/\/laparenthese-retraites.com\/infos-pratiques\/#breadcrumb"},"inLanguage":"en-GB","potentialAction":[{"@type":"ReadAction","target":["https:\/\/laparenthese-retraites.com\/infos-pratiques\/"]}]},{"@type":"BreadcrumbList","@id":"https:\/\/laparenthese-retraites.com\/infos-pratiques\/#breadcrumb","itemListElement":[{"@type":"ListItem","position":1,"name":"Accueil","item":"https:\/\/laparenthese-retraites.com\/"},{"@type":"ListItem","position":2,"name":"Infos pratiques"}]},{"@type":"WebSite","@id":"https:\/\/laparenthese-retraites.com\/#website","url":"https:\/\/laparenthese-retraites.com\/","name":"La Parenth\u00e8se","description":"Retraites &amp; Chambres d&#039;h\u00f4te","publisher":{"@id":"https:\/\/laparenthese-retraites.com\/#organization"},"potentialAction":[{"@type":"SearchAction","target":{"@type":"EntryPoint","urlTemplate":"https:\/\/laparenthese-retraites.com\/?s={search_term_string}"},"query-input":{"@type":"PropertyValueSpecification","valueRequired":true,"valueName":"search_term_string"}}],"inLanguage":"en-GB"},{"@type":"Organization","@id":"https:\/\/laparenthese-retraites.com\/#organization","name":"La Parenth\u00e8se","url":"https:\/\/laparenthese-retraites.com\/","logo":{"@type":"ImageObject","inLanguage":"en-GB","@id":"https:\/\/laparenthese-retraites.com\/#\/schema\/logo\/image\/","url":"https:\/\/laparenthese-retraites.com\/wp-content\/uploads\/2025\/05\/logo-principal-la-parenthese.png","contentUrl":"https:\/\/laparenthese-retraites.com\/wp-content\/uploads\/2025\/05\/logo-principal-la-parenthese.png","width":567,"height":625,"caption":"La Parenth\u00e8se"},"image":{"@id":"https:\/\/laparenthese-retraites.com\/#\/schema\/logo\/image\/"},"sameAs":["https:\/\/www.facebook.com\/profile.php?id=61573709336769","https:\/\/www.instagram.com\/la_parenthese_retraites\/"]}]}},"_links":{"self":[{"href":"https:\/\/laparenthese-retraites.com\/en\/wp-json\/wp\/v2\/pages\/101","targetHints":{"allow":["GET"]}}],"collection":[{"href":"https:\/\/laparenthese-retraites.com\/en\/wp-json\/wp\/v2\/pages"}],"about":[{"href":"https:\/\/laparenthese-retraites.com\/en\/wp-json\/wp\/v2\/types\/page"}],"author":[{"embeddable":true,"href":"https:\/\/laparenthese-retraites.com\/en\/wp-json\/wp\/v2\/users\/1"}],"replies":[{"embeddable":true,"href":"https:\/\/laparenthese-retraites.com\/en\/wp-json\/wp\/v2\/comments?post=101"}],"version-history":[{"count":5,"href":"https:\/\/laparenthese-retraites.com\/en\/wp-json\/wp\/v2\/pages\/101\/revisions"}],"predecessor-version":[{"id":1024,"href":"https:\/\/laparenthese-retraites.com\/en\/wp-json\/wp\/v2\/pages\/101\/revisions\/1024"}],"wp:attachment":[{"href":"https:\/\/laparenthese-retraites.com\/en\/wp-json\/wp\/v2\/media?parent=101"}],"curies":[{"name":"wp","href":"https:\/\/api.w.org\/{rel}","templated":true}]}}